{"id":536,"date":"2025-05-22T21:17:28","date_gmt":"2025-05-22T21:17:28","guid":{"rendered":"https:\/\/eqavet40.eu\/aktiviteter-och-evenemang\/"},"modified":"2025-10-08T13:42:30","modified_gmt":"2025-10-08T13:42:30","slug":"aktiviteter-och-evenemang","status":"publish","type":"page","link":"https:\/\/eqavet40.eu\/sv\/aktiviteter-och-evenemang\/","title":{"rendered":"Aktiviteter och evenemang"},"content":{"rendered":"\t\t<div data-elementor-type=\"wp-page\" data-elementor-id=\"536\" class=\"elementor elementor-536 elementor-134\" data-elementor-post-type=\"page\">\n\t\t\t\t<div class=\"elementor-element elementor-element-70f32f88 e-flex e-con-boxed e-con e-parent\" data-id=\"70f32f88\" data-element_type=\"container\" data-e-type=\"container\" data-settings=\"{&quot;background_background&quot;:&quot;classic&quot;}\">\n\t\t\t\t\t<div class=\"e-con-inner\">\n\t\t\t\t<div class=\"elementor-element elementor-element-463219ab elementor-widget elementor-widget-heading\" data-id=\"463219ab\" data-element_type=\"widget\" data-e-type=\"widget\" data-widget_type=\"heading.default\">\n\t\t\t\t<div class=\"elementor-widget-container\">\n\t\t\t\t\t<h1 class=\"elementor-heading-title elementor-size-default\">Aktiviteter och evenemang<\/h1>\t\t\t\t<\/div>\n\t\t\t\t<\/div>\n\t\t\t\t<div class=\"elementor-element elementor-element-77a8594f elementor-widget elementor-widget-heading\" data-id=\"77a8594f\" data-element_type=\"widget\" data-e-type=\"widget\" data-widget_type=\"heading.default\">\n\t\t\t\t<div class=\"elementor-widget-container\">\n\t\t\t\t\t<h2 class=\"elementor-heading-title elementor-size-default\">EQAVET 4.0<\/h2>\t\t\t\t<\/div>\n\t\t\t\t<\/div>\n\t\t\t\t\t<\/div>\n\t\t\t\t<\/div>\n\t\t<div class=\"elementor-element elementor-element-4df6be7c e-flex e-con-boxed elementor-invisible e-con e-parent\" data-id=\"4df6be7c\" data-element_type=\"container\" data-e-type=\"container\" id=\"about\" data-settings=\"{&quot;background_background&quot;:&quot;classic&quot;,&quot;animation&quot;:&quot;fadeIn&quot;,&quot;animation_delay&quot;:500}\">\n\t\t\t\t\t<div class=\"e-con-inner\">\n\t\t\t\t<div class=\"elementor-element elementor-element-68172ae elementor-widget elementor-widget-heading\" data-id=\"68172ae\" data-element_type=\"widget\" data-e-type=\"widget\" data-widget_type=\"heading.default\">\n\t\t\t\t<div class=\"elementor-widget-container\">\n\t\t\t\t\t<h2 class=\"elementor-heading-title elementor-size-default\">EQAVET 4.0 samlar VET-anordnare, samarbetspartners, beslutsfattare och studerande genom en serie samarbetande aktiviteter och strategiska evenemang.<\/h2>\t\t\t\t<\/div>\n\t\t\t\t<\/div>\n\t\t\t\t<div class=\"elementor-element elementor-element-e35f771 elementor-widget elementor-widget-text-editor\" data-id=\"e35f771\" data-element_type=\"widget\" data-e-type=\"widget\" data-widget_type=\"text-editor.default\">\n\t\t\t\t<div class=\"elementor-widget-container\">\n\t\t\t\t\t\t\t\t\t<p>Projektet fr\u00e4mjar dialog, innovation och kapacitetsuppbyggnad i hela Europa och s\u00e4kerst\u00e4ller att alla resultat samutvecklas, testas och valideras av dem som kommer att dra nytta av dem. Nedan finns en \u00f6versikt \u00f6ver de huvudsakliga aktiviteter som genomf\u00f6rs av konsortiet. <\/p>\t\t\t\t\t\t\t\t<\/div>\n\t\t\t\t<\/div>\n\t\t\t\t<div class=\"elementor-element elementor-element-61e0c0f1 elementor-position-inline-start elementor-view-default elementor-mobile-position-block-start elementor-widget elementor-widget-icon-box\" data-id=\"61e0c0f1\" data-element_type=\"widget\" data-e-type=\"widget\" data-widget_type=\"icon-box.default\">\n\t\t\t\t<div class=\"elementor-widget-container\">\n\t\t\t\t\t\t\t<div class=\"elementor-icon-box-wrapper\">\n\n\t\t\t\t\t\t<div class=\"elementor-icon-box-icon\">\n\t\t\t\t<span  class=\"elementor-icon\">\n\t\t\t\t<svg aria-hidden=\"true\" class=\"e-font-icon-svg e-fas-people-arrows\" viewBox=\"0 0 576 512\" xmlns=\"http:\/\/www.w3.org\/2000\/svg\"><path d=\"M96,128A64,64,0,1,0,32,64,64,64,0,0,0,96,128Zm0,176.08a44.11,44.11,0,0,1,13.64-32L181.77,204c1.65-1.55,3.77-2.31,5.61-3.57A63.91,63.91,0,0,0,128,160H64A64,64,0,0,0,0,224v96a32,32,0,0,0,32,32V480a32,32,0,0,0,32,32h64a32,32,0,0,0,32-32V383.61l-50.36-47.53A44.08,44.08,0,0,1,96,304.08ZM480,128a64,64,0,1,0-64-64A64,64,0,0,0,480,128Zm32,32H448a63.91,63.91,0,0,0-59.38,40.42c1.84,1.27,4,2,5.62,3.59l72.12,68.06a44.37,44.37,0,0,1,0,64L416,383.62V480a32,32,0,0,0,32,32h64a32,32,0,0,0,32-32V352a32,32,0,0,0,32-32V224A64,64,0,0,0,512,160ZM444.4,295.34l-72.12-68.06A12,12,0,0,0,352,236v36H224V236a12,12,0,0,0-20.28-8.73L131.6,295.34a12.4,12.4,0,0,0,0,17.47l72.12,68.07A12,12,0,0,0,224,372.14V336H352v36.14a12,12,0,0,0,20.28,8.74l72.12-68.07A12.4,12.4,0,0,0,444.4,295.34Z\"><\/path><\/svg>\t\t\t\t<\/span>\n\t\t\t<\/div>\n\t\t\t\n\t\t\t\t\t\t<div class=\"elementor-icon-box-content\">\n\n\t\t\t\t\t\t\t\t\t<h3 class=\"elementor-icon-box-title\">\n\t\t\t\t\t\t<span  >\n\t\t\t\t\t\t\tSamr\u00e5d med intressenter\t\t\t\t\t\t<\/span>\n\t\t\t\t\t<\/h3>\n\t\t\t\t\n\t\t\t\t\n\t\t\t<\/div>\n\t\t\t\n\t\t<\/div>\n\t\t\t\t\t\t<\/div>\n\t\t\t\t<\/div>\n\t\t\t\t<div class=\"elementor-element elementor-element-72036876 elementor-widget elementor-widget-heading\" data-id=\"72036876\" data-element_type=\"widget\" data-e-type=\"widget\" data-widget_type=\"heading.default\">\n\t\t\t\t<div class=\"elementor-widget-container\">\n\t\t\t\t\t<h2 class=\"elementor-heading-title elementor-size-default\">En serie fokusgrupper och bilaterala m\u00f6ten med arbetsgivare, utbildare och VET-studerande genomf\u00f6rdes f\u00f6r att s\u00e4kerst\u00e4lla att projektet svarar mot verkliga behov.<\/h2>\t\t\t\t<\/div>\n\t\t\t\t<\/div>\n\t\t\t\t<div class=\"elementor-element elementor-element-2b3e25a4 elementor-widget elementor-widget-text-editor\" data-id=\"2b3e25a4\" data-element_type=\"widget\" data-e-type=\"widget\" data-widget_type=\"text-editor.default\">\n\t\t\t\t<div class=\"elementor-widget-container\">\n\t\t\t\t\t\t\t\t\t<p>Dessa konsultationer l\u00e5g till grund f\u00f6r utvecklingen av sektorskartor och jobbprofiler samt hj\u00e4lpte till att identifiera viktiga arbetsmarknadstrender och kompetensgap i de deltagande l\u00e4nderna.<\/p>\t\t\t\t\t\t\t\t<\/div>\n\t\t\t\t<\/div>\n\t\t\t\t<div class=\"elementor-element elementor-element-70daf5d8 elementor-position-inline-start elementor-view-default elementor-mobile-position-block-start elementor-widget elementor-widget-icon-box\" data-id=\"70daf5d8\" data-element_type=\"widget\" data-e-type=\"widget\" data-widget_type=\"icon-box.default\">\n\t\t\t\t<div class=\"elementor-widget-container\">\n\t\t\t\t\t\t\t<div class=\"elementor-icon-box-wrapper\">\n\n\t\t\t\t\t\t<div class=\"elementor-icon-box-icon\">\n\t\t\t\t<span  class=\"elementor-icon\">\n\t\t\t\t<svg aria-hidden=\"true\" class=\"e-font-icon-svg e-fab-react\" viewBox=\"0 0 512 512\" xmlns=\"http:\/\/www.w3.org\/2000\/svg\"><path d=\"M418.2 177.2c-5.4-1.8-10.8-3.5-16.2-5.1.9-3.7 1.7-7.4 2.5-11.1 12.3-59.6 4.2-107.5-23.1-123.3-26.3-15.1-69.2.6-112.6 38.4-4.3 3.7-8.5 7.6-12.5 11.5-2.7-2.6-5.5-5.2-8.3-7.7-45.5-40.4-91.1-57.4-118.4-41.5-26.2 15.2-34 60.3-23 116.7 1.1 5.6 2.3 11.1 3.7 16.7-6.4 1.8-12.7 3.8-18.6 5.9C38.3 196.2 0 225.4 0 255.6c0 31.2 40.8 62.5 96.3 81.5 4.5 1.5 9 3 13.6 4.3-1.5 6-2.8 11.9-4 18-10.5 55.5-2.3 99.5 23.9 114.6 27 15.6 72.4-.4 116.6-39.1 3.5-3.1 7-6.3 10.5-9.7 4.4 4.3 9 8.4 13.6 12.4 42.8 36.8 85.1 51.7 111.2 36.6 27-15.6 35.8-62.9 24.4-120.5-.9-4.4-1.9-8.9-3-13.5 3.2-.9 6.3-1.9 9.4-2.9 57.7-19.1 99.5-50 99.5-81.7 0-30.3-39.4-59.7-93.8-78.4zM282.9 92.3c37.2-32.4 71.9-45.1 87.7-36 16.9 9.7 23.4 48.9 12.8 100.4-.7 3.4-1.4 6.7-2.3 10-22.2-5-44.7-8.6-67.3-10.6-13-18.6-27.2-36.4-42.6-53.1 3.9-3.7 7.7-7.2 11.7-10.7zM167.2 307.5c5.1 8.7 10.3 17.4 15.8 25.9-15.6-1.7-31.1-4.2-46.4-7.5 4.4-14.4 9.9-29.3 16.3-44.5 4.6 8.8 9.3 17.5 14.3 26.1zm-30.3-120.3c14.4-3.2 29.7-5.8 45.6-7.8-5.3 8.3-10.5 16.8-15.4 25.4-4.9 8.5-9.7 17.2-14.2 26-6.3-14.9-11.6-29.5-16-43.6zm27.4 68.9c6.6-13.8 13.8-27.3 21.4-40.6s15.8-26.2 24.4-38.9c15-1.1 30.3-1.7 45.9-1.7s31 .6 45.9 1.7c8.5 12.6 16.6 25.5 24.3 38.7s14.9 26.7 21.7 40.4c-6.7 13.8-13.9 27.4-21.6 40.8-7.6 13.3-15.7 26.2-24.2 39-14.9 1.1-30.4 1.6-46.1 1.6s-30.9-.5-45.6-1.4c-8.7-12.7-16.9-25.7-24.6-39s-14.8-26.8-21.5-40.6zm180.6 51.2c5.1-8.8 9.9-17.7 14.6-26.7 6.4 14.5 12 29.2 16.9 44.3-15.5 3.5-31.2 6.2-47 8 5.4-8.4 10.5-17 15.5-25.6zm14.4-76.5c-4.7-8.8-9.5-17.6-14.5-26.2-4.9-8.5-10-16.9-15.3-25.2 16.1 2 31.5 4.7 45.9 8-4.6 14.8-10 29.2-16.1 43.4zM256.2 118.3c10.5 11.4 20.4 23.4 29.6 35.8-19.8-.9-39.7-.9-59.5 0 9.8-12.9 19.9-24.9 29.9-35.8zM140.2 57c16.8-9.8 54.1 4.2 93.4 39 2.5 2.2 5 4.6 7.6 7-15.5 16.7-29.8 34.5-42.9 53.1-22.6 2-45 5.5-67.2 10.4-1.3-5.1-2.4-10.3-3.5-15.5-9.4-48.4-3.2-84.9 12.6-94zm-24.5 263.6c-4.2-1.2-8.3-2.5-12.4-3.9-21.3-6.7-45.5-17.3-63-31.2-10.1-7-16.9-17.8-18.8-29.9 0-18.3 31.6-41.7 77.2-57.6 5.7-2 11.5-3.8 17.3-5.5 6.8 21.7 15 43 24.5 63.6-9.6 20.9-17.9 42.5-24.8 64.5zm116.6 98c-16.5 15.1-35.6 27.1-56.4 35.3-11.1 5.3-23.9 5.8-35.3 1.3-15.9-9.2-22.5-44.5-13.5-92 1.1-5.6 2.3-11.2 3.7-16.7 22.4 4.8 45 8.1 67.9 9.8 13.2 18.7 27.7 36.6 43.2 53.4-3.2 3.1-6.4 6.1-9.6 8.9zm24.5-24.3c-10.2-11-20.4-23.2-30.3-36.3 9.6.4 19.5.6 29.5.6 10.3 0 20.4-.2 30.4-.7-9.2 12.7-19.1 24.8-29.6 36.4zm130.7 30c-.9 12.2-6.9 23.6-16.5 31.3-15.9 9.2-49.8-2.8-86.4-34.2-4.2-3.6-8.4-7.5-12.7-11.5 15.3-16.9 29.4-34.8 42.2-53.6 22.9-1.9 45.7-5.4 68.2-10.5 1 4.1 1.9 8.2 2.7 12.2 4.9 21.6 5.7 44.1 2.5 66.3zm18.2-107.5c-2.8.9-5.6 1.8-8.5 2.6-7-21.8-15.6-43.1-25.5-63.8 9.6-20.4 17.7-41.4 24.5-62.9 5.2 1.5 10.2 3.1 15 4.7 46.6 16 79.3 39.8 79.3 58 0 19.6-34.9 44.9-84.8 61.4zm-149.7-15c25.3 0 45.8-20.5 45.8-45.8s-20.5-45.8-45.8-45.8c-25.3 0-45.8 20.5-45.8 45.8s20.5 45.8 45.8 45.8z\"><\/path><\/svg>\t\t\t\t<\/span>\n\t\t\t<\/div>\n\t\t\t\n\t\t\t\t\t\t<div class=\"elementor-icon-box-content\">\n\n\t\t\t\t\t\t\t\t\t<h3 class=\"elementor-icon-box-title\">\n\t\t\t\t\t\t<span  >\n\t\t\t\t\t\t\tPilotaktiviteter\t\t\t\t\t\t<\/span>\n\t\t\t\t\t<\/h3>\n\t\t\t\t\n\t\t\t\t\n\t\t\t<\/div>\n\t\t\t\n\t\t<\/div>\n\t\t\t\t\t\t<\/div>\n\t\t\t\t<\/div>\n\t\t\t\t<div class=\"elementor-element elementor-element-61f08070 elementor-widget elementor-widget-heading\" data-id=\"61f08070\" data-element_type=\"widget\" data-e-type=\"widget\" data-widget_type=\"heading.default\">\n\t\t\t\t<div class=\"elementor-widget-container\">\n\t\t\t\t\t<h2 class=\"elementor-heading-title elementor-size-default\">Utvalda VET-institutioner och f\u00f6retag runt om i Europa testade de nyutvecklade verktygen och ramverken.<\/h2>\t\t\t\t<\/div>\n\t\t\t\t<\/div>\n\t\t\t\t<div class=\"elementor-element elementor-element-19b683ba elementor-widget elementor-widget-text-editor\" data-id=\"19b683ba\" data-element_type=\"widget\" data-e-type=\"widget\" data-widget_type=\"text-editor.default\">\n\t\t\t\t<div class=\"elementor-widget-container\">\n\t\t\t\t\t\t\t\t\t<p>Piloterna omfattade validering av jobbprofiler, anv\u00e4ndning av bed\u00f6mningsverktyg i verkliga l\u00e4rmilj\u00f6er och \u00e5terkopplingssessioner med studerande och utbildare. Resultaten fr\u00e5n dessa piloter kommer att forma projektets slutliga resultat och h\u00e5llbarhetsstrategi. <\/p>\t\t\t\t\t\t\t\t<\/div>\n\t\t\t\t<\/div>\n\t\t\t\t<div class=\"elementor-element elementor-element-22b81771 elementor-position-inline-start elementor-view-default elementor-mobile-position-block-start elementor-widget elementor-widget-icon-box\" data-id=\"22b81771\" data-element_type=\"widget\" data-e-type=\"widget\" data-widget_type=\"icon-box.default\">\n\t\t\t\t<div class=\"elementor-widget-container\">\n\t\t\t\t\t\t\t<div class=\"elementor-icon-box-wrapper\">\n\n\t\t\t\t\t\t<div class=\"elementor-icon-box-icon\">\n\t\t\t\t<span  class=\"elementor-icon\">\n\t\t\t\t<svg aria-hidden=\"true\" class=\"e-font-icon-svg e-fas-network-wired\" viewBox=\"0 0 640 512\" xmlns=\"http:\/\/www.w3.org\/2000\/svg\"><path d=\"M640 264v-16c0-8.84-7.16-16-16-16H344v-40h72c17.67 0 32-14.33 32-32V32c0-17.67-14.33-32-32-32H224c-17.67 0-32 14.33-32 32v128c0 17.67 14.33 32 32 32h72v40H16c-8.84 0-16 7.16-16 16v16c0 8.84 7.16 16 16 16h104v40H64c-17.67 0-32 14.33-32 32v128c0 17.67 14.33 32 32 32h160c17.67 0 32-14.33 32-32V352c0-17.67-14.33-32-32-32h-56v-40h304v40h-56c-17.67 0-32 14.33-32 32v128c0 17.67 14.33 32 32 32h160c17.67 0 32-14.33 32-32V352c0-17.67-14.33-32-32-32h-56v-40h104c8.84 0 16-7.16 16-16zM256 128V64h128v64H256zm-64 320H96v-64h96v64zm352 0h-96v-64h96v64z\"><\/path><\/svg>\t\t\t\t<\/span>\n\t\t\t<\/div>\n\t\t\t\n\t\t\t\t\t\t<div class=\"elementor-icon-box-content\">\n\n\t\t\t\t\t\t\t\t\t<h3 class=\"elementor-icon-box-title\">\n\t\t\t\t\t\t<span  >\n\t\t\t\t\t\t\tWorkshops och utbildningstillf\u00e4llen\t\t\t\t\t\t<\/span>\n\t\t\t\t\t<\/h3>\n\t\t\t\t\n\t\t\t\t\n\t\t\t<\/div>\n\t\t\t\n\t\t<\/div>\n\t\t\t\t\t\t<\/div>\n\t\t\t\t<\/div>\n\t\t\t\t<div class=\"elementor-element elementor-element-39ba7f00 elementor-widget elementor-widget-heading\" data-id=\"39ba7f00\" data-element_type=\"widget\" data-e-type=\"widget\" data-widget_type=\"heading.default\">\n\t\t\t\t<div class=\"elementor-widget-container\">\n\t\t\t\t\t<h2 class=\"elementor-heading-title elementor-size-default\">Praktiska workshops och utbildningstillf\u00e4llen har organiserats f\u00f6r VET-anordnare och intressenter.<\/h2>\t\t\t\t<\/div>\n\t\t\t\t<\/div>\n\t\t\t\t<div class=\"elementor-element elementor-element-667d6937 elementor-widget elementor-widget-text-editor\" data-id=\"667d6937\" data-element_type=\"widget\" data-e-type=\"widget\" data-widget_type=\"text-editor.default\">\n\t\t\t\t<div class=\"elementor-widget-container\">\n\t\t\t\t\t\t\t\t\t<p>Dessa tillf\u00e4llen fokuserar p\u00e5 kvalitetss\u00e4kring, digitala verktyg, gr\u00f6na f\u00e4rdigheter och till\u00e4mpningen av EQAVET 4.0-metoder. Deltagarna uppmuntras att dela goda exempel och samutveckla innovativa l\u00f6sningar. <\/p>\t\t\t\t\t\t\t\t<\/div>\n\t\t\t\t<\/div>\n\t\t\t\t<div class=\"elementor-element elementor-element-ff76553 elementor-position-inline-start elementor-view-default elementor-mobile-position-block-start elementor-widget elementor-widget-icon-box\" data-id=\"ff76553\" data-element_type=\"widget\" data-e-type=\"widget\" data-widget_type=\"icon-box.default\">\n\t\t\t\t<div class=\"elementor-widget-container\">\n\t\t\t\t\t\t\t<div class=\"elementor-icon-box-wrapper\">\n\n\t\t\t\t\t\t<div class=\"elementor-icon-box-icon\">\n\t\t\t\t<span  class=\"elementor-icon\">\n\t\t\t\t<svg aria-hidden=\"true\" class=\"e-font-icon-svg e-far-calendar-times\" viewBox=\"0 0 448 512\" xmlns=\"http:\/\/www.w3.org\/2000\/svg\"><path d=\"M311.7 374.7l-17 17c-4.7 4.7-12.3 4.7-17 0L224 337.9l-53.7 53.7c-4.7 4.7-12.3 4.7-17 0l-17-17c-4.7-4.7-4.7-12.3 0-17l53.7-53.7-53.7-53.7c-4.7-4.7-4.7-12.3 0-17l17-17c4.7-4.7 12.3-4.7 17 0l53.7 53.7 53.7-53.7c4.7-4.7 12.3-4.7 17 0l17 17c4.7 4.7 4.7 12.3 0 17L257.9 304l53.7 53.7c4.8 4.7 4.8 12.3.1 17zM448 112v352c0 26.5-21.5 48-48 48H48c-26.5 0-48-21.5-48-48V112c0-26.5 21.5-48 48-48h48V12c0-6.6 5.4-12 12-12h40c6.6 0 12 5.4 12 12v52h128V12c0-6.6 5.4-12 12-12h40c6.6 0 12 5.4 12 12v52h48c26.5 0 48 21.5 48 48zm-48 346V160H48v298c0 3.3 2.7 6 6 6h340c3.3 0 6-2.7 6-6z\"><\/path><\/svg>\t\t\t\t<\/span>\n\t\t\t<\/div>\n\t\t\t\n\t\t\t\t\t\t<div class=\"elementor-icon-box-content\">\n\n\t\t\t\t\t\t\t\t\t<h3 class=\"elementor-icon-box-title\">\n\t\t\t\t\t\t<span  >\n\t\t\t\t\t\t\tSpridningsevenemang och konferenser\t\t\t\t\t\t<\/span>\n\t\t\t\t\t<\/h3>\n\t\t\t\t\n\t\t\t\t\n\t\t\t<\/div>\n\t\t\t\n\t\t<\/div>\n\t\t\t\t\t\t<\/div>\n\t\t\t\t<\/div>\n\t\t\t\t<div class=\"elementor-element elementor-element-3e733996 elementor-widget elementor-widget-heading\" data-id=\"3e733996\" data-element_type=\"widget\" data-e-type=\"widget\" data-widget_type=\"heading.default\">\n\t\t\t\t<div class=\"elementor-widget-container\">\n\t\t\t\t\t<h2 class=\"elementor-heading-title elementor-size-default\">Nationella och internationella evenemang h\u00e5lls f\u00f6r att sprida projektets resultat och uppmuntra till bredare anv\u00e4ndning av dess verktyg.<\/h2>\t\t\t\t<\/div>\n\t\t\t\t<\/div>\n\t\t\t\t<div class=\"elementor-element elementor-element-6e8c16c1 elementor-widget elementor-widget-text-editor\" data-id=\"6e8c16c1\" data-element_type=\"widget\" data-e-type=\"widget\" data-widget_type=\"text-editor.default\">\n\t\t\t\t<div class=\"elementor-widget-container\">\n\t\t\t\t\t\t\t\t\t<p>Dessa evenemang riktar sig till VET-anordnare, beslutsfattare, branschrepresentanter och studerande. De \u00e4r viktiga tillf\u00e4llen att visa upp EQAVET 4.0:s p\u00e5verkan och skapa nya samarbetsm\u00f6jligheter. <\/p>\t\t\t\t\t\t\t\t<\/div>\n\t\t\t\t<\/div>\n\t\t\t\t<div class=\"elementor-element elementor-element-23f9640 elementor-position-inline-start elementor-view-default elementor-mobile-position-block-start elementor-widget elementor-widget-icon-box\" data-id=\"23f9640\" data-element_type=\"widget\" data-e-type=\"widget\" data-widget_type=\"icon-box.default\">\n\t\t\t\t<div class=\"elementor-widget-container\">\n\t\t\t\t\t\t\t<div class=\"elementor-icon-box-wrapper\">\n\n\t\t\t\t\t\t<div class=\"elementor-icon-box-icon\">\n\t\t\t\t<span  class=\"elementor-icon\">\n\t\t\t\t<svg aria-hidden=\"true\" class=\"e-font-icon-svg e-fas-arrow-right\" viewBox=\"0 0 448 512\" xmlns=\"http:\/\/www.w3.org\/2000\/svg\"><path d=\"M190.5 66.9l22.2-22.2c9.4-9.4 24.6-9.4 33.9 0L441 239c9.4 9.4 9.4 24.6 0 33.9L246.6 467.3c-9.4 9.4-24.6 9.4-33.9 0l-22.2-22.2c-9.5-9.5-9.3-25 .4-34.3L311.4 296H24c-13.3 0-24-10.7-24-24v-32c0-13.3 10.7-24 24-24h287.4L190.9 101.2c-9.8-9.3-10-24.8-.4-34.3z\"><\/path><\/svg>\t\t\t\t<\/span>\n\t\t\t<\/div>\n\t\t\t\n\t\t\t\t\t\t<div class=\"elementor-icon-box-content\">\n\n\t\t\t\t\t\t\t\t\t<h3 class=\"elementor-icon-box-title\">\n\t\t\t\t\t\t<span  >\n\t\t\t\t\t\t\tKommande evenemang\t\t\t\t\t\t<\/span>\n\t\t\t\t\t<\/h3>\n\t\t\t\t\n\t\t\t\t\n\t\t\t<\/div>\n\t\t\t\n\t\t<\/div>\n\t\t\t\t\t\t<\/div>\n\t\t\t\t<\/div>\n\t\t\t\t<div class=\"elementor-element elementor-element-d7a5412 elementor-widget elementor-widget-heading\" data-id=\"d7a5412\" data-element_type=\"widget\" data-e-type=\"widget\" data-widget_type=\"heading.default\">\n\t\t\t\t<div class=\"elementor-widget-container\">\n\t\t\t\t\t<h2 class=\"elementor-heading-title elementor-size-default\">EQAVET 4.0-konsortiet kommer att forts\u00e4tta att organisera aktiviteter under hela projektets l\u00f6ptid. H\u00e5ll utkik efter kommande evenemang, inklusive kapacitetsuppbyggande workshops, tematiska webbinarier och den avslutande konferensen.<\/h2>\t\t\t\t<\/div>\n\t\t\t\t<\/div>\n\t\t\t\t\t<\/div>\n\t\t\t\t<\/div>\n\t\t\t\t<\/div>\n\t\t","protected":false},"excerpt":{"rendered":"<p>Aktiviteter och evenemang EQAVET 4.0 EQAVET 4.0 samlar VET-anordnare, samarbetspartners, beslutsfattare och studerande genom en serie samarbetande aktiviteter och strategiska evenemang. Projektet fr\u00e4mjar dialog, innovation och kapacitetsuppbyggnad i hela Europa och s\u00e4kerst\u00e4ller att alla resultat samutvecklas, testas och valideras av dem som kommer att dra nytta av dem. Nedan finns en \u00f6versikt \u00f6ver de huvudsakliga [&hellip;]<\/p>\n","protected":false},"author":1,"featured_media":0,"parent":0,"menu_order":0,"comment_status":"closed","ping_status":"closed","template":"","meta":{"footnotes":""},"class_list":["post-536","page","type-page","status-publish","hentry"],"_links":{"self":[{"href":"https:\/\/eqavet40.eu\/sv\/wp-json\/wp\/v2\/pages\/536","targetHints":{"allow":["GET"]}}],"collection":[{"href":"https:\/\/eqavet40.eu\/sv\/wp-json\/wp\/v2\/pages"}],"about":[{"href":"https:\/\/eqavet40.eu\/sv\/wp-json\/wp\/v2\/types\/page"}],"author":[{"embeddable":true,"href":"https:\/\/eqavet40.eu\/sv\/wp-json\/wp\/v2\/users\/1"}],"replies":[{"embeddable":true,"href":"https:\/\/eqavet40.eu\/sv\/wp-json\/wp\/v2\/comments?post=536"}],"version-history":[{"count":1,"href":"https:\/\/eqavet40.eu\/sv\/wp-json\/wp\/v2\/pages\/536\/revisions"}],"predecessor-version":[{"id":537,"href":"https:\/\/eqavet40.eu\/sv\/wp-json\/wp\/v2\/pages\/536\/revisions\/537"}],"wp:attachment":[{"href":"https:\/\/eqavet40.eu\/sv\/wp-json\/wp\/v2\/media?parent=536"}],"curies":[{"name":"wp","href":"https:\/\/api.w.org\/{rel}","templated":true}]}}